{"id":59,"date":"2023-11-07T15:19:09","date_gmt":"2023-11-07T14:19:09","guid":{"rendered":"https:\/\/woodywoodpictures.fr\/?page_id=59"},"modified":"2023-11-07T15:23:24","modified_gmt":"2023-11-07T14:23:24","slug":"a-propos","status":"publish","type":"page","link":"https:\/\/woodywoodpictures.fr\/?page_id=59","title":{"rendered":"A propos"},"content":{"rendered":"\t\t<div data-elementor-type=\"wp-page\" data-elementor-id=\"59\" class=\"elementor elementor-59\">\n\t\t\t\t<div class=\"elementor-element elementor-element-26e1f01 e-flex e-con-boxed e-con e-parent\" data-id=\"26e1f01\" data-element_type=\"container\">\n\t\t\t\t\t<div class=\"e-con-inner\">\n\t\t<div class=\"elementor-element elementor-element-4857c6e e-con-full e-flex e-con e-child\" data-id=\"4857c6e\" data-element_type=\"container\">\n\t\t\t\t<div class=\"elementor-element elementor-element-e9d6d45 elementor-widget__width-initial elementor-widget elementor-widget-text-editor\" data-id=\"e9d6d45\" data-element_type=\"widget\" data-widget_type=\"text-editor.default\">\n\t\t\t\t<div class=\"elementor-widget-container\">\n\t\t\t\t\t\t\t\t\t<p>Notre entreprise cr\u00e9e des objets en bois personnalis\u00e9s pour r\u00e9pondre aux besoins sp\u00e9cifiques de nos clients. Notre objectif est de cr\u00e9er des produits uniques et de qualit\u00e9 qui r\u00e9pondent parfaitement aux attentes de nos clients. Nous travaillons en \u00e9troite collaboration avec nos clients pour nous assurer que nous comprenons parfaitement leurs besoins et que nous pouvons leur fournir des objets en bois qui surpassent leurs attentes.<\/p>\t\t\t\t\t\t\t\t<\/div>\n\t\t\t\t<\/div>\n\t\t\t\t<\/div>\n\t\t<div class=\"elementor-element elementor-element-6172e81 e-con-full e-flex e-con e-child\" data-id=\"6172e81\" data-element_type=\"container\">\n\t\t\t\t<div class=\"elementor-element elementor-element-d6b3cfc elementor-widget elementor-widget-image\" data-id=\"d6b3cfc\" data-element_type=\"widget\" data-widget_type=\"image.default\">\n\t\t\t\t<div class=\"elementor-widget-container\">\n\t\t\t\t\t\t\t\t\t\t\t\t\t\t\t<img fetchpriority=\"high\" decoding=\"async\" width=\"1024\" height=\"493\" src=\"https:\/\/woodywoodpictures.fr\/wp-content\/uploads\/2023\/11\/cropped-banniere-bois-imputrescible-1024x493.jpg\" class=\"attachment-large size-large wp-image-35\" alt=\"\" srcset=\"https:\/\/woodywoodpictures.fr\/wp-content\/uploads\/2023\/11\/cropped-banniere-bois-imputrescible-1024x493.jpg 1024w, https:\/\/woodywoodpictures.fr\/wp-content\/uploads\/2023\/11\/cropped-banniere-bois-imputrescible-600x290.jpg 600w, https:\/\/woodywoodpictures.fr\/wp-content\/uploads\/2023\/11\/cropped-banniere-bois-imputrescible-300x144.jpg 300w, https:\/\/woodywoodpictures.fr\/wp-content\/uploads\/2023\/11\/cropped-banniere-bois-imputrescible-768x370.jpg 768w, https:\/\/woodywoodpictures.fr\/wp-content\/uploads\/2023\/11\/cropped-banniere-bois-imputrescible.jpg 1400w\" sizes=\"(max-width: 1024px) 100vw, 1024px\" \/>\t\t\t\t\t\t\t\t\t\t\t\t\t\t\t<\/div>\n\t\t\t\t<\/div>\n\t\t\t\t<\/div>\n\t\t\t\t\t<\/div>\n\t\t\t\t<\/div>\n\t\t\t\t<\/div>\n\t\t","protected":false},"excerpt":{"rendered":"<p>Notre entreprise cr\u00e9e des objets en bois personnalis\u00e9s pour r\u00e9pondre aux besoins sp\u00e9cifiques de nos clients. Notre objectif est de cr\u00e9er des produits uniques et de qualit\u00e9 qui r\u00e9pondent parfaitement aux attentes de nos clients. Nous travaillons en \u00e9troite collaboration avec nos clients pour nous assurer que nous comprenons parfaitement leurs besoins et que nous [&hellip;]<\/p>\n","protected":false},"author":1,"featured_media":0,"parent":0,"menu_order":0,"comment_status":"closed","ping_status":"closed","template":"","meta":{"footnotes":""},"aioseo_notices":[],"_links":{"self":[{"href":"https:\/\/woodywoodpictures.fr\/index.php?rest_route=\/wp\/v2\/pages\/59"}],"collection":[{"href":"https:\/\/woodywoodpictures.fr\/index.php?rest_route=\/wp\/v2\/pages"}],"about":[{"href":"https:\/\/woodywoodpictures.fr\/index.php?rest_route=\/wp\/v2\/types\/page"}],"author":[{"embeddable":true,"href":"https:\/\/woodywoodpictures.fr\/index.php?rest_route=\/wp\/v2\/users\/1"}],"replies":[{"embeddable":true,"href":"https:\/\/woodywoodpictures.fr\/index.php?rest_route=%2Fwp%2Fv2%2Fcomments&post=59"}],"version-history":[{"count":10,"href":"https:\/\/woodywoodpictures.fr\/index.php?rest_route=\/wp\/v2\/pages\/59\/revisions"}],"predecessor-version":[{"id":84,"href":"https:\/\/woodywoodpictures.fr\/index.php?rest_route=\/wp\/v2\/pages\/59\/revisions\/84"}],"wp:attachment":[{"href":"https:\/\/woodywoodpictures.fr\/index.php?rest_route=%2Fwp%2Fv2%2Fmedia&parent=59"}],"curies":[{"name":"wp","href":"https:\/\/api.w.org\/{rel}","templated":true}]}}