{"id":546,"date":"2024-01-08T09:56:57","date_gmt":"2024-01-08T08:56:57","guid":{"rendered":"https:\/\/woodywoodpictures.fr\/?page_id=546"},"modified":"2024-01-08T09:58:57","modified_gmt":"2024-01-08T08:58:57","slug":"panneaux","status":"publish","type":"page","link":"https:\/\/woodywoodpictures.fr\/?page_id=546","title":{"rendered":"Panneaux"},"content":{"rendered":"\t\t<div data-elementor-type=\"wp-page\" data-elementor-id=\"546\" class=\"elementor elementor-546\">\n\t\t\t\t<div class=\"elementor-element elementor-element-fa522ee e-flex e-con-boxed e-con e-parent\" data-id=\"fa522ee\" data-element_type=\"container\">\n\t\t\t\t\t<div class=\"e-con-inner\">\n\t\t<div class=\"elementor-element elementor-element-3954804 e-con-full e-flex e-con e-child\" data-id=\"3954804\" data-element_type=\"container\">\n\t\t\t\t<div class=\"elementor-element elementor-element-b054ad6 elementor-widget elementor-widget-heading\" data-id=\"b054ad6\" data-element_type=\"widget\" data-widget_type=\"heading.default\">\n\t\t\t\t<div class=\"elementor-widget-container\">\n\t\t\t\t\t<h2 class=\"elementor-heading-title elementor-size-default\">Pour d\u00e9corer ou baliser...<\/h2>\t\t\t\t<\/div>\n\t\t\t\t<\/div>\n\t\t\t\t<\/div>\n\t\t<div class=\"elementor-element elementor-element-68862b5 e-con-full e-flex e-con e-child\" data-id=\"68862b5\" data-element_type=\"container\">\n\t\t\t\t<div class=\"elementor-element elementor-element-f33a0c4 elementor-widget elementor-widget-image\" data-id=\"f33a0c4\" data-element_type=\"widget\" data-widget_type=\"image.default\">\n\t\t\t\t<div class=\"elementor-widget-container\">\n\t\t\t\t\t\t\t\t\t\t\t\t\t\t\t<img fetchpriority=\"high\" decoding=\"async\" width=\"908\" height=\"797\" src=\"https:\/\/woodywoodpictures.fr\/wp-content\/uploads\/2024\/01\/received_1755035034941326.jpg\" class=\"attachment-large size-large wp-image-542\" alt=\"\" srcset=\"https:\/\/woodywoodpictures.fr\/wp-content\/uploads\/2024\/01\/received_1755035034941326.jpg 908w, https:\/\/woodywoodpictures.fr\/wp-content\/uploads\/2024\/01\/received_1755035034941326-300x263.jpg 300w, https:\/\/woodywoodpictures.fr\/wp-content\/uploads\/2024\/01\/received_1755035034941326-768x674.jpg 768w\" sizes=\"(max-width: 908px) 100vw, 908px\" \/>\t\t\t\t\t\t\t\t\t\t\t\t\t\t\t<\/div>\n\t\t\t\t<\/div>\n\t\t\t\t<\/div>\n\t\t<div class=\"elementor-element elementor-element-a71875e e-con-full e-flex e-con e-child\" data-id=\"a71875e\" data-element_type=\"container\">\n\t\t\t\t<div class=\"elementor-element elementor-element-11a2732 elementor-widget elementor-widget-image\" data-id=\"11a2732\" data-element_type=\"widget\" data-widget_type=\"image.default\">\n\t\t\t\t<div class=\"elementor-widget-container\">\n\t\t\t\t\t\t\t\t\t\t\t\t\t\t\t<img decoding=\"async\" width=\"1024\" height=\"796\" src=\"https:\/\/woodywoodpictures.fr\/wp-content\/uploads\/2024\/01\/20240108_094459-1-1024x796.jpg\" class=\"attachment-large size-large wp-image-552\" alt=\"\" srcset=\"https:\/\/woodywoodpictures.fr\/wp-content\/uploads\/2024\/01\/20240108_094459-1-1024x796.jpg 1024w, https:\/\/woodywoodpictures.fr\/wp-content\/uploads\/2024\/01\/20240108_094459-1-300x233.jpg 300w, https:\/\/woodywoodpictures.fr\/wp-content\/uploads\/2024\/01\/20240108_094459-1-768x597.jpg 768w, https:\/\/woodywoodpictures.fr\/wp-content\/uploads\/2024\/01\/20240108_094459-1-1536x1194.jpg 1536w, https:\/\/woodywoodpictures.fr\/wp-content\/uploads\/2024\/01\/20240108_094459-1-2048x1592.jpg 2048w\" sizes=\"(max-width: 1024px) 100vw, 1024px\" \/>\t\t\t\t\t\t\t\t\t\t\t\t\t\t\t<\/div>\n\t\t\t\t<\/div>\n\t\t\t\t<\/div>\n\t\t<div class=\"elementor-element elementor-element-8899b28 e-con-full e-flex e-con e-child\" data-id=\"8899b28\" data-element_type=\"container\">\n\t\t\t\t<div class=\"elementor-element elementor-element-c7d0b42 elementor-widget elementor-widget-text-editor\" data-id=\"c7d0b42\" data-element_type=\"widget\" data-widget_type=\"text-editor.default\">\n\t\t\t\t<div class=\"elementor-widget-container\">\n\t\t\t\t\t\t\t\t\t<p>&#8230;nous vous proposons la r\u00e9alisation de tout type de panneaux que ce soit pour accrocher \u00e0 une porte ou tout simplement pour embellir votre int\u00e9rieur.<\/p>\t\t\t\t\t\t\t\t<\/div>\n\t\t\t\t<\/div>\n\t\t\t\t<\/div>\n\t\t\t\t\t<\/div>\n\t\t\t\t<\/div>\n\t\t<div class=\"elementor-element elementor-element-151a5e6 e-flex e-con-boxed e-con e-parent\" data-id=\"151a5e6\" data-element_type=\"container\">\n\t\t\t\t\t<div class=\"e-con-inner\">\n\t\t<div class=\"elementor-element elementor-element-ad0064e e-con-full e-flex e-con e-child\" data-id=\"ad0064e\" data-element_type=\"container\">\n\t\t\t\t<div class=\"elementor-element elementor-element-60cffc3 elementor-widget elementor-widget-image\" data-id=\"60cffc3\" data-element_type=\"widget\" data-widget_type=\"image.default\">\n\t\t\t\t<div class=\"elementor-widget-container\">\n\t\t\t\t\t\t\t\t\t\t\t\t<figure class=\"wp-caption\">\n\t\t\t\t\t\t\t\t\t\t<img decoding=\"async\" width=\"1024\" height=\"768\" src=\"https:\/\/woodywoodpictures.fr\/wp-content\/uploads\/2024\/01\/20231206_104247-1024x768.jpg\" class=\"attachment-large size-large wp-image-548\" alt=\"\" srcset=\"https:\/\/woodywoodpictures.fr\/wp-content\/uploads\/2024\/01\/20231206_104247-1024x768.jpg 1024w, https:\/\/woodywoodpictures.fr\/wp-content\/uploads\/2024\/01\/20231206_104247-300x225.jpg 300w, https:\/\/woodywoodpictures.fr\/wp-content\/uploads\/2024\/01\/20231206_104247-768x576.jpg 768w, https:\/\/woodywoodpictures.fr\/wp-content\/uploads\/2024\/01\/20231206_104247-1536x1152.jpg 1536w, https:\/\/woodywoodpictures.fr\/wp-content\/uploads\/2024\/01\/20231206_104247-2048x1536.jpg 2048w\" sizes=\"(max-width: 1024px) 100vw, 1024px\" \/>\t\t\t\t\t\t\t\t\t\t\t<figcaption class=\"widget-image-caption wp-caption-text\"><\/figcaption>\n\t\t\t\t\t\t\t\t\t\t<\/figure>\n\t\t\t\t\t\t\t\t\t<\/div>\n\t\t\t\t<\/div>\n\t\t\t\t<div class=\"elementor-element elementor-element-0a2e9f0 elementor-widget elementor-widget-heading\" data-id=\"0a2e9f0\" data-element_type=\"widget\" data-widget_type=\"heading.default\">\n\t\t\t\t<div class=\"elementor-widget-container\">\n\t\t\t\t\t<h4 class=\"elementor-heading-title elementor-size-default\">Panneau pr\u00e8s \u00e0 accueillir quelques crochets pour ensuite pouvoir y d\u00e9poser ses cl\u00e9s<\/h4>\t\t\t\t<\/div>\n\t\t\t\t<\/div>\n\t\t\t\t<\/div>\n\t\t<div class=\"elementor-element elementor-element-25435f3 e-con-full e-flex e-con e-child\" data-id=\"25435f3\" data-element_type=\"container\">\n\t\t\t\t<div class=\"elementor-element elementor-element-42cff4a elementor-widget elementor-widget-image\" data-id=\"42cff4a\" data-element_type=\"widget\" data-widget_type=\"image.default\">\n\t\t\t\t<div class=\"elementor-widget-container\">\n\t\t\t\t\t\t\t\t\t\t\t\t\t\t\t<img loading=\"lazy\" decoding=\"async\" width=\"952\" height=\"661\" src=\"https:\/\/woodywoodpictures.fr\/wp-content\/uploads\/2023\/11\/received_297167956434482.jpeg\" class=\"attachment-large size-large wp-image-94\" alt=\"\" srcset=\"https:\/\/woodywoodpictures.fr\/wp-content\/uploads\/2023\/11\/received_297167956434482.jpeg 952w, https:\/\/woodywoodpictures.fr\/wp-content\/uploads\/2023\/11\/received_297167956434482-300x208.jpeg 300w, https:\/\/woodywoodpictures.fr\/wp-content\/uploads\/2023\/11\/received_297167956434482-768x533.jpeg 768w, https:\/\/woodywoodpictures.fr\/wp-content\/uploads\/2023\/11\/received_297167956434482-600x417.jpeg 600w\" sizes=\"(max-width: 952px) 100vw, 952px\" \/>\t\t\t\t\t\t\t\t\t\t\t\t\t\t\t<\/div>\n\t\t\t\t<\/div>\n\t\t\t\t<\/div>\n\t\t\t\t\t<\/div>\n\t\t\t\t<\/div>\n\t\t<div class=\"elementor-element elementor-element-df209ce e-flex e-con-boxed e-con e-parent\" data-id=\"df209ce\" data-element_type=\"container\">\n\t\t\t\t\t<div class=\"e-con-inner\">\n\t\t\t\t<div class=\"elementor-element elementor-element-2a87b15 elementor-widget elementor-widget-image\" data-id=\"2a87b15\" data-element_type=\"widget\" data-widget_type=\"image.default\">\n\t\t\t\t<div class=\"elementor-widget-container\">\n\t\t\t\t\t\t\t\t\t\t\t\t\t\t\t<img loading=\"lazy\" decoding=\"async\" width=\"683\" height=\"1024\" src=\"https:\/\/woodywoodpictures.fr\/wp-content\/uploads\/2024\/01\/received_833045171707281-683x1024.jpeg\" class=\"attachment-large size-large wp-image-551\" alt=\"\" srcset=\"https:\/\/woodywoodpictures.fr\/wp-content\/uploads\/2024\/01\/received_833045171707281-683x1024.jpeg 683w, https:\/\/woodywoodpictures.fr\/wp-content\/uploads\/2024\/01\/received_833045171707281-200x300.jpeg 200w, https:\/\/woodywoodpictures.fr\/wp-content\/uploads\/2024\/01\/received_833045171707281-768x1152.jpeg 768w, https:\/\/woodywoodpictures.fr\/wp-content\/uploads\/2024\/01\/received_833045171707281-1024x1536.jpeg 1024w, https:\/\/woodywoodpictures.fr\/wp-content\/uploads\/2024\/01\/received_833045171707281.jpeg 1365w\" sizes=\"(max-width: 683px) 100vw, 683px\" \/>\t\t\t\t\t\t\t\t\t\t\t\t\t\t\t<\/div>\n\t\t\t\t<\/div>\n\t\t\t\t\t<\/div>\n\t\t\t\t<\/div>\n\t\t<div class=\"elementor-element elementor-element-a3e2354 e-flex e-con-boxed e-con e-parent\" data-id=\"a3e2354\" data-element_type=\"container\">\n\t\t\t\t\t<div class=\"e-con-inner\">\n\t\t\t\t<div class=\"elementor-element elementor-element-eed6626 elementor-widget elementor-widget-heading\" data-id=\"eed6626\" data-element_type=\"widget\" data-widget_type=\"heading.default\">\n\t\t\t\t<div class=\"elementor-widget-container\">\n\t\t\t\t\t<h2 class=\"elementor-heading-title elementor-size-default\">Prix: \u00e0 partir de 9.90 euros<\/h2>\t\t\t\t<\/div>\n\t\t\t\t<\/div>\n\t\t\t\t\t<\/div>\n\t\t\t\t<\/div>\n\t\t<div class=\"elementor-element elementor-element-7cc4841 e-flex e-con-boxed e-con e-parent\" data-id=\"7cc4841\" data-element_type=\"container\">\n\t\t\t\t\t<div class=\"e-con-inner\">\n\t\t\t\t<div class=\"elementor-element elementor-element-6183ba0 elementor-widget elementor-widget-wpforms\" data-id=\"6183ba0\" data-element_type=\"widget\" data-widget_type=\"wpforms.default\">\n\t\t\t\t<div class=\"elementor-widget-container\">\n\t\t\t\t\t<div class=\"wpforms-container wpforms-container-full wpforms-render-modern\" id=\"wpforms-14\"><form id=\"wpforms-form-14\" class=\"wpforms-validate wpforms-form wpforms-ajax-form\" data-formid=\"14\" method=\"post\" enctype=\"multipart\/form-data\" action=\"\/index.php?rest_route=%2Fwp%2Fv2%2Fpages%2F546\" data-token=\"e8b0922e969a5095170f25fe4e04b496\" data-token-time=\"1777525062\"><div class=\"wpforms-head-container\"><div class=\"wpforms-title\">Contact<\/div><div class=\"wpforms-description\">Nous sommes \u00e0 l'\u00e9coute de vos projets donc n'h\u00e9sitez pas \u00e0 nous contacter pour r\u00e9aliser toutes vos envies.<\/div><\/div><noscript class=\"wpforms-error-noscript\">Veuillez activer JavaScript dans votre navigateur pour remplir ce formulaire.<\/noscript><div id=\"wpforms-error-noscript\" style=\"display: none;\">Veuillez activer JavaScript dans votre navigateur pour remplir ce formulaire.<\/div><div class=\"wpforms-field-container\"><div id=\"wpforms-14-field_0-container\" class=\"wpforms-field wpforms-field-name\" data-field-id=\"0\"><fieldset><legend class=\"wpforms-field-label\">Nom <span class=\"wpforms-required-label\" aria-hidden=\"true\">*<\/span><\/legend><div class=\"wpforms-field-row wpforms-field-medium\"><div class=\"wpforms-field-row-block wpforms-first wpforms-one-half\"><input type=\"text\" id=\"wpforms-14-field_0\" class=\"wpforms-field-name-first wpforms-field-required\" name=\"wpforms[fields][0][first]\" aria-errormessage=\"wpforms-14-field_0-error\" required><label for=\"wpforms-14-field_0\" class=\"wpforms-field-sublabel after\">Pr\u00e9nom<\/label><\/div><div class=\"wpforms-field-row-block wpforms-one-half\"><input type=\"text\" id=\"wpforms-14-field_0-last\" class=\"wpforms-field-name-last wpforms-field-required\" name=\"wpforms[fields][0][last]\" aria-errormessage=\"wpforms-14-field_0-last-error\" required><label for=\"wpforms-14-field_0-last\" class=\"wpforms-field-sublabel after\">Nom<\/label><\/div><\/div><\/fieldset><\/div><div id=\"wpforms-14-field_1-container\" class=\"wpforms-field wpforms-field-email\" data-field-id=\"1\"><label class=\"wpforms-field-label\" for=\"wpforms-14-field_1\">E-mail <span class=\"wpforms-required-label\" aria-hidden=\"true\">*<\/span><\/label><input type=\"email\" id=\"wpforms-14-field_1\" class=\"wpforms-field-medium wpforms-field-required\" name=\"wpforms[fields][1]\" spellcheck=\"false\" aria-errormessage=\"wpforms-14-field_1-error\" required><\/div><div id=\"wpforms-14-field_2-container\" class=\"wpforms-field wpforms-field-textarea\" data-field-id=\"2\"><label class=\"wpforms-field-label\" for=\"wpforms-14-field_2\">Commentaire ou message<\/label><textarea id=\"wpforms-14-field_2\" class=\"wpforms-field-medium\" name=\"wpforms[fields][2]\" aria-errormessage=\"wpforms-14-field_2-error\" ><\/textarea><\/div><\/div><!-- .wpforms-field-container --><div class=\"wpforms-submit-container\" ><input type=\"hidden\" name=\"wpforms[id]\" value=\"14\"><input type=\"hidden\" name=\"page_title\" value=\"\"><input type=\"hidden\" name=\"page_url\" value=\"https:\/\/woodywoodpictures.fr\/index.php?rest_route=\/wp\/v2\/pages\/546\"><input type=\"hidden\" name=\"url_referer\" value=\"\"><button type=\"submit\" name=\"wpforms[submit]\" id=\"wpforms-submit-14\" class=\"wpforms-submit\" data-alt-text=\"Envoi...\" data-submit-text=\"Envoyer\" aria-live=\"assertive\" value=\"wpforms-submit\">Envoyer<\/button><img loading=\"lazy\" decoding=\"async\" src=\"https:\/\/woodywoodpictures.fr\/wp-content\/plugins\/wpforms-lite\/assets\/images\/submit-spin.svg\" class=\"wpforms-submit-spinner\" style=\"display: none;\" width=\"26\" height=\"26\" alt=\"Chargement en cours\"><\/div><\/form><\/div>  <!-- .wpforms-container -->\t\t\t\t<\/div>\n\t\t\t\t<\/div>\n\t\t\t\t\t<\/div>\n\t\t\t\t<\/div>\n\t\t\t\t<\/div>\n\t\t","protected":false},"excerpt":{"rendered":"<p>Pour d\u00e9corer ou baliser&#8230; &#8230;nous vous proposons la r\u00e9alisation de tout type de panneaux que ce soit pour accrocher \u00e0 une porte ou tout simplement pour embellir votre int\u00e9rieur. Panneau pr\u00e8s \u00e0 accueillir quelques crochets pour ensuite pouvoir y d\u00e9poser ses cl\u00e9s Prix: \u00e0 partir de 9.90 euros ContactNous sommes \u00e0 l&rsquo;\u00e9coute de vos projets [&hellip;]<\/p>\n","protected":false},"author":1,"featured_media":0,"parent":0,"menu_order":0,"comment_status":"closed","ping_status":"closed","template":"","meta":{"footnotes":""},"aioseo_notices":[],"_links":{"self":[{"href":"https:\/\/woodywoodpictures.fr\/index.php?rest_route=\/wp\/v2\/pages\/546"}],"collection":[{"href":"https:\/\/woodywoodpictures.fr\/index.php?rest_route=\/wp\/v2\/pages"}],"about":[{"href":"https:\/\/woodywoodpictures.fr\/index.php?rest_route=\/wp\/v2\/types\/page"}],"author":[{"embeddable":true,"href":"https:\/\/woodywoodpictures.fr\/index.php?rest_route=\/wp\/v2\/users\/1"}],"replies":[{"embeddable":true,"href":"https:\/\/woodywoodpictures.fr\/index.php?rest_route=%2Fwp%2Fv2%2Fcomments&post=546"}],"version-history":[{"count":4,"href":"https:\/\/woodywoodpictures.fr\/index.php?rest_route=\/wp\/v2\/pages\/546\/revisions"}],"predecessor-version":[{"id":555,"href":"https:\/\/woodywoodpictures.fr\/index.php?rest_route=\/wp\/v2\/pages\/546\/revisions\/555"}],"wp:attachment":[{"href":"https:\/\/woodywoodpictures.fr\/index.php?rest_route=%2Fwp%2Fv2%2Fmedia&parent=546"}],"curies":[{"name":"wp","href":"https:\/\/api.w.org\/{rel}","templated":true}]}}