{"id":450,"date":"2023-12-12T09:48:22","date_gmt":"2023-12-12T08:48:22","guid":{"rendered":"https:\/\/woodywoodpictures.fr\/?page_id=450"},"modified":"2024-01-03T17:07:10","modified_gmt":"2024-01-03T16:07:10","slug":"spatules-pour-caquelons","status":"publish","type":"page","link":"https:\/\/woodywoodpictures.fr\/?page_id=450","title":{"rendered":"Spatules pour caquelons"},"content":{"rendered":"\t\t<div data-elementor-type=\"wp-page\" data-elementor-id=\"450\" class=\"elementor elementor-450\">\n\t\t\t\t<div class=\"elementor-element elementor-element-53c455fe e-flex e-con-boxed e-con e-parent\" data-id=\"53c455fe\" data-element_type=\"container\">\n\t\t\t\t\t<div class=\"e-con-inner\">\n\t\t\t\t<div class=\"elementor-element elementor-element-643b0421 elementor-widget elementor-widget-text-editor\" data-id=\"643b0421\" data-element_type=\"widget\" data-widget_type=\"text-editor.default\">\n\t\t\t\t<div class=\"elementor-widget-container\">\n\t\t\t\t\t\t\t\t\t\n<h2 class=\"wp-block-heading\"><\/h2>\n\t\t\t\t\t\t\t\t<\/div>\n\t\t\t\t<\/div>\n\t\t\t\t\t<\/div>\n\t\t\t\t<\/div>\n\t\t<div class=\"elementor-element elementor-element-f7f353d e-flex e-con-boxed e-con e-parent\" data-id=\"f7f353d\" data-element_type=\"container\">\n\t\t\t\t\t<div class=\"e-con-inner\">\n\t\t\t\t<div class=\"elementor-element elementor-element-21bef52 elementor-widget elementor-widget-image\" data-id=\"21bef52\" data-element_type=\"widget\" data-widget_type=\"image.default\">\n\t\t\t\t<div class=\"elementor-widget-container\">\n\t\t\t\t\t\t\t\t\t\t\t\t\t\t\t<img fetchpriority=\"high\" decoding=\"async\" width=\"1024\" height=\"739\" src=\"https:\/\/woodywoodpictures.fr\/wp-content\/uploads\/2023\/12\/20231212_085101-1024x739.jpg\" class=\"attachment-large size-large wp-image-453\" alt=\"\" srcset=\"https:\/\/woodywoodpictures.fr\/wp-content\/uploads\/2023\/12\/20231212_085101-1024x739.jpg 1024w, https:\/\/woodywoodpictures.fr\/wp-content\/uploads\/2023\/12\/20231212_085101-300x216.jpg 300w, https:\/\/woodywoodpictures.fr\/wp-content\/uploads\/2023\/12\/20231212_085101-768x554.jpg 768w, https:\/\/woodywoodpictures.fr\/wp-content\/uploads\/2023\/12\/20231212_085101-1536x1108.jpg 1536w, https:\/\/woodywoodpictures.fr\/wp-content\/uploads\/2023\/12\/20231212_085101-2048x1478.jpg 2048w\" sizes=\"(max-width: 1024px) 100vw, 1024px\" \/>\t\t\t\t\t\t\t\t\t\t\t\t\t\t\t<\/div>\n\t\t\t\t<\/div>\n\t\t\t\t\t<\/div>\n\t\t\t\t<\/div>\n\t\t<div class=\"elementor-element elementor-element-04a146e e-flex e-con-boxed e-con e-parent\" data-id=\"04a146e\" data-element_type=\"container\">\n\t\t\t\t\t<div class=\"e-con-inner\">\n\t\t\t\t<div class=\"elementor-element elementor-element-d8e61a3 elementor-widget elementor-widget-text-editor\" data-id=\"d8e61a3\" data-element_type=\"widget\" data-widget_type=\"text-editor.default\">\n\t\t\t\t<div class=\"elementor-widget-container\">\n\t\t\t\t\t\t\t\t\t<p>Spatules \u00e0 caquelon personnalisables avec une petite phrase, un logo, le nom de votre chalet ou pourquoi pas le nom de votre restaurant&#8230;<\/p><p>N&rsquo;h\u00e9sitez pas soyez original, d\u00e9marquez vous!!<\/p>\n<p>Enti\u00e8rement fabriqu\u00e9 par Woody Wood Pictures.<\/p>\t\t\t\t\t\t\t\t<\/div>\n\t\t\t\t<\/div>\n\t\t\t\t\t<\/div>\n\t\t\t\t<\/div>\n\t\t<div class=\"elementor-element elementor-element-27f9192 e-con-full e-flex e-con e-parent\" data-id=\"27f9192\" data-element_type=\"container\">\n\t\t\t\t<div class=\"elementor-element elementor-element-4c38f05 elementor-widget elementor-widget-heading\" data-id=\"4c38f05\" data-element_type=\"widget\" data-widget_type=\"heading.default\">\n\t\t\t\t<div class=\"elementor-widget-container\">\n\t\t\t\t\t<h2 class=\"elementor-heading-title elementor-size-default\">Prix:<br><br>lot de 2: 5 euros<br>lot de 4: 8 euros<br>lot de 6: 10 euros<\/h2>\t\t\t\t<\/div>\n\t\t\t\t<\/div>\n\t\t\t\t<\/div>\n\t\t<div class=\"elementor-element elementor-element-867a37e e-flex e-con-boxed e-con e-parent\" data-id=\"867a37e\" data-element_type=\"container\">\n\t\t\t\t\t<div class=\"e-con-inner\">\n\t\t<div class=\"elementor-element elementor-element-56e1cc8 e-con-full e-flex e-con e-child\" data-id=\"56e1cc8\" data-element_type=\"container\">\n\t\t\t\t<div class=\"elementor-element elementor-element-c1722b8 elementor-widget elementor-widget-image\" data-id=\"c1722b8\" data-element_type=\"widget\" data-widget_type=\"image.default\">\n\t\t\t\t<div class=\"elementor-widget-container\">\n\t\t\t\t\t\t\t\t\t\t\t\t\t\t\t<img decoding=\"async\" width=\"1024\" height=\"577\" src=\"https:\/\/woodywoodpictures.fr\/wp-content\/uploads\/2023\/12\/20231212_085128-1024x577.jpg\" class=\"attachment-large size-large wp-image-452\" alt=\"\" srcset=\"https:\/\/woodywoodpictures.fr\/wp-content\/uploads\/2023\/12\/20231212_085128-1024x577.jpg 1024w, https:\/\/woodywoodpictures.fr\/wp-content\/uploads\/2023\/12\/20231212_085128-300x169.jpg 300w, https:\/\/woodywoodpictures.fr\/wp-content\/uploads\/2023\/12\/20231212_085128-768x432.jpg 768w, https:\/\/woodywoodpictures.fr\/wp-content\/uploads\/2023\/12\/20231212_085128-1536x865.jpg 1536w, https:\/\/woodywoodpictures.fr\/wp-content\/uploads\/2023\/12\/20231212_085128-2048x1153.jpg 2048w\" sizes=\"(max-width: 1024px) 100vw, 1024px\" \/>\t\t\t\t\t\t\t\t\t\t\t\t\t\t\t<\/div>\n\t\t\t\t<\/div>\n\t\t\t\t<\/div>\n\t\t<div class=\"elementor-element elementor-element-9fbf989 e-con-full e-flex e-con e-child\" data-id=\"9fbf989\" data-element_type=\"container\">\n\t\t\t\t<div class=\"elementor-element elementor-element-210ba99 elementor-widget elementor-widget-image\" data-id=\"210ba99\" data-element_type=\"widget\" data-widget_type=\"image.default\">\n\t\t\t\t<div class=\"elementor-widget-container\">\n\t\t\t\t\t\t\t\t\t\t\t\t\t\t\t<img decoding=\"async\" width=\"1024\" height=\"577\" src=\"https:\/\/woodywoodpictures.fr\/wp-content\/uploads\/2023\/12\/20231212_085136-1-1024x577.jpg\" class=\"attachment-large size-large wp-image-457\" alt=\"\" srcset=\"https:\/\/woodywoodpictures.fr\/wp-content\/uploads\/2023\/12\/20231212_085136-1-1024x577.jpg 1024w, https:\/\/woodywoodpictures.fr\/wp-content\/uploads\/2023\/12\/20231212_085136-1-300x169.jpg 300w, https:\/\/woodywoodpictures.fr\/wp-content\/uploads\/2023\/12\/20231212_085136-1-768x432.jpg 768w, https:\/\/woodywoodpictures.fr\/wp-content\/uploads\/2023\/12\/20231212_085136-1-1536x865.jpg 1536w, https:\/\/woodywoodpictures.fr\/wp-content\/uploads\/2023\/12\/20231212_085136-1-2048x1153.jpg 2048w\" sizes=\"(max-width: 1024px) 100vw, 1024px\" \/>\t\t\t\t\t\t\t\t\t\t\t\t\t\t\t<\/div>\n\t\t\t\t<\/div>\n\t\t\t\t<\/div>\n\t\t\t\t\t<\/div>\n\t\t\t\t<\/div>\n\t\t<div class=\"elementor-element elementor-element-cd48535 e-flex e-con-boxed e-con e-parent\" data-id=\"cd48535\" data-element_type=\"container\">\n\t\t\t\t\t<div class=\"e-con-inner\">\n\t\t\t\t<div class=\"elementor-element elementor-element-f759358 elementor-widget elementor-widget-wpforms\" data-id=\"f759358\" data-element_type=\"widget\" data-widget_type=\"wpforms.default\">\n\t\t\t\t<div class=\"elementor-widget-container\">\n\t\t\t\t\t<div class=\"wpforms-container wpforms-container-full wpforms-render-modern\" id=\"wpforms-14\"><form id=\"wpforms-form-14\" class=\"wpforms-validate wpforms-form wpforms-ajax-form\" data-formid=\"14\" method=\"post\" enctype=\"multipart\/form-data\" action=\"\/index.php?rest_route=%2Fwp%2Fv2%2Fpages%2F450\" data-token=\"e8b0922e969a5095170f25fe4e04b496\" data-token-time=\"1777525062\"><div class=\"wpforms-head-container\"><div class=\"wpforms-title\">Contact<\/div><div class=\"wpforms-description\">Nous sommes \u00e0 l'\u00e9coute de vos projets donc n'h\u00e9sitez pas \u00e0 nous contacter pour r\u00e9aliser toutes vos envies.<\/div><\/div><noscript class=\"wpforms-error-noscript\">Veuillez activer JavaScript dans votre navigateur pour remplir ce formulaire.<\/noscript><div id=\"wpforms-error-noscript\" style=\"display: none;\">Veuillez activer JavaScript dans votre navigateur pour remplir ce formulaire.<\/div><div class=\"wpforms-field-container\"><div id=\"wpforms-14-field_0-container\" class=\"wpforms-field wpforms-field-name\" data-field-id=\"0\"><fieldset><legend class=\"wpforms-field-label\">Nom <span class=\"wpforms-required-label\" aria-hidden=\"true\">*<\/span><\/legend><div class=\"wpforms-field-row wpforms-field-medium\"><div class=\"wpforms-field-row-block wpforms-first wpforms-one-half\"><input type=\"text\" id=\"wpforms-14-field_0\" class=\"wpforms-field-name-first wpforms-field-required\" name=\"wpforms[fields][0][first]\" aria-errormessage=\"wpforms-14-field_0-error\" required><label for=\"wpforms-14-field_0\" class=\"wpforms-field-sublabel after\">Pr\u00e9nom<\/label><\/div><div class=\"wpforms-field-row-block wpforms-one-half\"><input type=\"text\" id=\"wpforms-14-field_0-last\" class=\"wpforms-field-name-last wpforms-field-required\" name=\"wpforms[fields][0][last]\" aria-errormessage=\"wpforms-14-field_0-last-error\" required><label for=\"wpforms-14-field_0-last\" class=\"wpforms-field-sublabel after\">Nom<\/label><\/div><\/div><\/fieldset><\/div><div id=\"wpforms-14-field_1-container\" class=\"wpforms-field wpforms-field-email\" data-field-id=\"1\"><label class=\"wpforms-field-label\" for=\"wpforms-14-field_1\">E-mail <span class=\"wpforms-required-label\" aria-hidden=\"true\">*<\/span><\/label><input type=\"email\" id=\"wpforms-14-field_1\" class=\"wpforms-field-medium wpforms-field-required\" name=\"wpforms[fields][1]\" spellcheck=\"false\" aria-errormessage=\"wpforms-14-field_1-error\" required><\/div><div id=\"wpforms-14-field_2-container\" class=\"wpforms-field wpforms-field-textarea\" data-field-id=\"2\"><label class=\"wpforms-field-label\" for=\"wpforms-14-field_2\">Commentaire ou message<\/label><textarea id=\"wpforms-14-field_2\" class=\"wpforms-field-medium\" name=\"wpforms[fields][2]\" aria-errormessage=\"wpforms-14-field_2-error\" ><\/textarea><\/div><\/div><!-- .wpforms-field-container --><div class=\"wpforms-submit-container\" ><input type=\"hidden\" name=\"wpforms[id]\" value=\"14\"><input type=\"hidden\" name=\"page_title\" value=\"\"><input type=\"hidden\" name=\"page_url\" value=\"https:\/\/woodywoodpictures.fr\/index.php?rest_route=\/wp\/v2\/pages\/450\"><input type=\"hidden\" name=\"url_referer\" value=\"\"><button type=\"submit\" name=\"wpforms[submit]\" id=\"wpforms-submit-14\" class=\"wpforms-submit\" data-alt-text=\"Envoi...\" data-submit-text=\"Envoyer\" aria-live=\"assertive\" value=\"wpforms-submit\">Envoyer<\/button><img loading=\"lazy\" decoding=\"async\" src=\"https:\/\/woodywoodpictures.fr\/wp-content\/plugins\/wpforms-lite\/assets\/images\/submit-spin.svg\" class=\"wpforms-submit-spinner\" style=\"display: none;\" width=\"26\" height=\"26\" alt=\"Chargement en cours\"><\/div><\/form><\/div>  <!-- .wpforms-container -->\t\t\t\t<\/div>\n\t\t\t\t<\/div>\n\t\t\t\t\t<\/div>\n\t\t\t\t<\/div>\n\t\t\t\t<\/div>\n\t\t","protected":false},"excerpt":{"rendered":"<p>Spatules \u00e0 caquelon personnalisables avec une petite phrase, un logo, le nom de votre chalet ou pourquoi pas le nom de votre restaurant&#8230; N&rsquo;h\u00e9sitez pas soyez original, d\u00e9marquez vous!! Enti\u00e8rement fabriqu\u00e9 par Woody Wood Pictures. Prix: lot de 2: 5 euroslot de 4: 8 euroslot de 6: 10 euros ContactNous sommes \u00e0 l&rsquo;\u00e9coute de vos [&hellip;]<\/p>\n","protected":false},"author":1,"featured_media":0,"parent":0,"menu_order":0,"comment_status":"closed","ping_status":"closed","template":"","meta":{"footnotes":""},"aioseo_notices":[],"_links":{"self":[{"href":"https:\/\/woodywoodpictures.fr\/index.php?rest_route=\/wp\/v2\/pages\/450"}],"collection":[{"href":"https:\/\/woodywoodpictures.fr\/index.php?rest_route=\/wp\/v2\/pages"}],"about":[{"href":"https:\/\/woodywoodpictures.fr\/index.php?rest_route=\/wp\/v2\/types\/page"}],"author":[{"embeddable":true,"href":"https:\/\/woodywoodpictures.fr\/index.php?rest_route=\/wp\/v2\/users\/1"}],"replies":[{"embeddable":true,"href":"https:\/\/woodywoodpictures.fr\/index.php?rest_route=%2Fwp%2Fv2%2Fcomments&post=450"}],"version-history":[{"count":10,"href":"https:\/\/woodywoodpictures.fr\/index.php?rest_route=\/wp\/v2\/pages\/450\/revisions"}],"predecessor-version":[{"id":541,"href":"https:\/\/woodywoodpictures.fr\/index.php?rest_route=\/wp\/v2\/pages\/450\/revisions\/541"}],"wp:attachment":[{"href":"https:\/\/woodywoodpictures.fr\/index.php?rest_route=%2Fwp%2Fv2%2Fmedia&parent=450"}],"curies":[{"name":"wp","href":"https:\/\/api.w.org\/{rel}","templated":true}]}}